{"id":367,"date":"2024-12-17T11:53:02","date_gmt":"2024-12-17T11:53:02","guid":{"rendered":"https:\/\/kalamu-verein.de\/?page_id=367"},"modified":"2025-04-10T17:57:16","modified_gmt":"2025-04-10T17:57:16","slug":"spendenmoeglichkeit","status":"publish","type":"page","link":"https:\/\/kalamu-verein.de\/en\/spendenmoeglichkeit\/","title":{"rendered":"Spendenm\u00f6glichkeit"},"content":{"rendered":"<div data-elementor-type=\"wp-page\" data-elementor-id=\"367\" class=\"elementor elementor-367\">\n\t\t\t\t<div class=\"elementor-element elementor-element-398d579 e-flex e-con-boxed wpr-particle-no wpr-jarallax-no wpr-parallax-no wpr-sticky-section-no e-con e-parent\" data-id=\"398d579\" data-element_type=\"container\">\n\t\t\t\t\t<div class=\"e-con-inner\">\n\t\t\t\t<div class=\"elementor-element elementor-element-487000d elementor-widget elementor-widget-spacer\" data-id=\"487000d\" data-element_type=\"widget\" data-widget_type=\"spacer.default\">\n\t\t\t\t<div class=\"elementor-widget-container\">\n\t\t\t\t\t\t\t<div class=\"elementor-spacer\">\n\t\t\t<div class=\"elementor-spacer-inner\"><\/div>\n\t\t<\/div>\n\t\t\t\t\t\t<\/div>\n\t\t\t\t<\/div>\n\t\t\t\t<div class=\"elementor-element elementor-element-5cb1c1a wpr-dual-heading-icon-top elementor-widget elementor-widget-wpr-dual-color-heading\" data-id=\"5cb1c1a\" data-element_type=\"widget\" data-widget_type=\"wpr-dual-color-heading.default\">\n\t\t\t\t<div class=\"elementor-widget-container\">\n\t\t\t\t\t\t\t\t<div class=\"wpr-dual-heading-wrap\">\n\t\t\t\t<div class=\"wpr-dual-title-wrap\">\n\t\t\t\t\t<h2 class=\"wpr-dual-title\">\n\t\t\t\t\t\t\t\t\t\t\t<span class=\"first\">Donation<\/span>\n\t\t\t\t\t\t\t\t\t\t\n\t\t\t\t\t\t\t\t\t\t\t<span class=\"second\">Options<\/span>\n\t\t\t\t\t\t\t\t\t\t<\/h2>\n\t\t\t\t<\/div>\n\t\t\t\t\n\t\t\t\t\t\t\t\t\t<div class=\"wpr-dual-heading-description\" ><\/div>\n\t\t\t\t\n\t\t\t\t\n\t\t\t<\/div>\n\t\t\t\t\t\t<\/div>\n\t\t\t\t<\/div>\n\t\t\t\t<div class=\"elementor-element elementor-element-43652b6 elementor-widget elementor-widget-text-editor\" data-id=\"43652b6\" data-element_type=\"widget\" data-widget_type=\"text-editor.default\">\n\t\t\t\t<div class=\"elementor-widget-container\">\n\t\t\t\t\t\t\t\t\t<p>Donation Options<\/p><p>Der Bau des geplanten Schulcampus in Uganda wird vollst\u00e4ndig durch Spenden finanziert. Jede Unterst\u00fctzung tr\u00e4gt dazu bei, eine Schule aufzubauen, die Kindern und Jugendlichen den Zugang zu Bildung in einer stabilen Umgebung erm\u00f6glicht. Die eingehenden Spenden werden ausschlie\u00dflich f\u00fcr die Umsetzung des Projekts und die damit verbundenen Kosten verwendet.<\/p><p>Der KALAMU Verein ist gemeinn\u00fctzig anerkannt. Spenden sind daher steuerlich absetzbar. F\u00fcr Betr\u00e4ge ab 100 Euro stellen wir auf Wunsch eine Spendenbescheinigung aus. F\u00fcr Spenden unterhalb dieser Grenze gen\u00fcgt ein sogenannter vereinfachter Nachweis, etwa ein Kontoauszug oder ein Screenshot der \u00dcberweisung. Damit wir eine Spendenbescheinigung ausstellen k\u00f6nnen, ben\u00f6tigen wir Ihre Postanschrift sowie Ihre E-Mail-Adresse. Diese Angaben k\u00f6nnen entweder im Verwendungszweck der \u00dcberweisung angegeben oder direkt per Mail an info@kalamu-verein.de gesendet werden \u2013 mit einem kurzen Hinweis auf die Spende und dem Wunsch nach einer Bescheinigung.<\/p><p>\u00a0<\/p><p>Kalamu Verein<\/p><p>IBAN: DE48 4306 0967 1330 8805 00<\/p><p>BIC: GENODEM1GLS<\/p><p>GLS BANK<\/p><p>Verwendungszweck: Schulcampus Uganda<\/p><p>\u00a0<\/p><p>Neben einmaligen Spenden besteht die M\u00f6glichkeit, das Projekt regelm\u00e4\u00dfig zu unterst\u00fctzen \u2013 zum Beispiel in Form einer Patenschaft f\u00fcr die Schule. Diese Patenschaften helfen insbesondere in der Anfangszeit nach der Er\u00f6ffnung dabei, den laufenden Schulbetrieb zu sichern, etwa durch die Finanzierung von Lehrergeh\u00e4ltern oder der t\u00e4glichen Mahlzeiten. Bei Interesse an einer solchen Unterst\u00fctzung oder Fragen zur Dokumentation und Gestaltung der Patenschaft freuen wir uns \u00fcber eine Nachricht.<\/p><p>Wir haben uns bewusst gegen individuelle Patenschaften f\u00fcr einzelne Kinder entschieden. Eine solche Form der F\u00f6rderung kann unbeabsichtigt zu Ungleichbehandlung oder Konkurrenzsituationen f\u00fchren, wenn manche Kinder durch Patenschaften unterst\u00fctzt werden und andere nicht. Unser Ziel ist es, eine m\u00f6glichst gleichberechtigte F\u00f6rderung der gesamten Schule sicherzustellen \u2013 unabh\u00e4ngig von einzelnen Schicksalen oder individuellen F\u00f6rderbeziehungen.<\/p><p>Weitere Informationen zur geplanten Finanzierung und zu den langfristigen Zielen des Projekts finden sich hier (LINK).<\/p>\t\t\t\t\t\t\t\t<\/div>\n\t\t\t\t<\/div>\n\t\t\t\t\t<\/div>\n\t\t\t\t<\/div>\n\t\t\t\t<\/div>","protected":false},"excerpt":{"rendered":"<p>Spenden M\u00f6glichkeiten Spendenm\u00f6glichkeiten Der Bau des geplanten Schulcampus in Uganda wird vollst\u00e4ndig durch Spenden finanziert. Jede Unterst\u00fctzung tr\u00e4gt dazu bei, eine Schule aufzubauen, die Kindern und Jugendlichen den Zugang zu Bildung in einer stabilen Umgebung erm\u00f6glicht. Die eingehenden Spenden werden ausschlie\u00dflich f\u00fcr die Umsetzung des Projekts und die damit verbundenen Kosten verwendet. Der KALAMU Verein ist gemeinn\u00fctzig anerkannt. Spenden sind daher steuerlich absetzbar. F\u00fcr Betr\u00e4ge ab 100 Euro stellen wir auf Wunsch eine Spendenbescheinigung aus. F\u00fcr Spenden unterhalb dieser Grenze gen\u00fcgt ein sogenannter vereinfachter Nachweis, etwa ein Kontoauszug oder ein Screenshot der \u00dcberweisung. Damit wir eine Spendenbescheinigung ausstellen k\u00f6nnen, ben\u00f6tigen wir Ihre Postanschrift sowie Ihre E-Mail-Adresse. Diese Angaben k\u00f6nnen entweder im Verwendungszweck der \u00dcberweisung angegeben oder direkt per Mail an info@kalamu-verein.de gesendet werden \u2013 mit einem kurzen Hinweis auf die Spende und dem Wunsch nach einer Bescheinigung. \u00a0 Kalamu Verein IBAN: DE48 4306 0967 1330 8805 00 BIC: GENODEM1GLS GLS BANK Verwendungszweck: Schulcampus Uganda \u00a0 Neben einmaligen Spenden besteht die M\u00f6glichkeit, das Projekt regelm\u00e4\u00dfig zu unterst\u00fctzen \u2013 zum Beispiel in Form einer Patenschaft f\u00fcr die Schule. Diese Patenschaften helfen insbesondere in der Anfangszeit nach der Er\u00f6ffnung dabei, den laufenden Schulbetrieb zu sichern, etwa durch die Finanzierung von Lehrergeh\u00e4ltern oder der t\u00e4glichen Mahlzeiten. Bei Interesse an einer solchen Unterst\u00fctzung oder Fragen zur Dokumentation und Gestaltung der Patenschaft freuen wir uns \u00fcber eine Nachricht. Wir haben uns bewusst gegen individuelle Patenschaften f\u00fcr einzelne Kinder entschieden. Eine solche Form der F\u00f6rderung kann unbeabsichtigt zu Ungleichbehandlung oder Konkurrenzsituationen f\u00fchren, wenn manche Kinder durch Patenschaften unterst\u00fctzt werden und andere nicht. Unser Ziel ist es, eine m\u00f6glichst gleichberechtigte F\u00f6rderung der gesamten Schule sicherzustellen \u2013 unabh\u00e4ngig von einzelnen Schicksalen oder individuellen F\u00f6rderbeziehungen. Weitere Informationen zur geplanten Finanzierung und zu den langfristigen Zielen des Projekts finden sich hier (LINK).<\/p>","protected":false},"author":1,"featured_media":0,"parent":0,"menu_order":0,"comment_status":"closed","ping_status":"closed","template":"elementor_header_footer","meta":{"give_campaign_id":0,"ocean_post_layout":"","ocean_both_sidebars_style":"","ocean_both_sidebars_content_width":0,"ocean_both_sidebars_sidebars_width":0,"ocean_sidebar":"","ocean_second_sidebar":"","ocean_disable_margins":"enable","ocean_add_body_class":"","ocean_shortcode_before_top_bar":"","ocean_shortcode_after_top_bar":"","ocean_shortcode_before_header":"","ocean_shortcode_after_header":"","ocean_has_shortcode":"","ocean_shortcode_after_title":"","ocean_shortcode_before_footer_widgets":"","ocean_shortcode_after_footer_widgets":"","ocean_shortcode_before_footer_bottom":"","ocean_shortcode_after_footer_bottom":"","ocean_display_top_bar":"default","ocean_display_header":"default","ocean_header_style":"","ocean_center_header_left_menu":"","ocean_custom_header_template":"","ocean_custom_logo":0,"ocean_custom_retina_logo":0,"ocean_custom_logo_max_width":0,"ocean_custom_logo_tablet_max_width":0,"ocean_custom_logo_mobile_max_width":0,"ocean_custom_logo_max_height":0,"ocean_custom_logo_tablet_max_height":0,"ocean_custom_logo_mobile_max_height":0,"ocean_header_custom_menu":"","ocean_menu_typo_font_family":"","ocean_menu_typo_font_subset":"","ocean_menu_typo_font_size":0,"ocean_menu_typo_font_size_tablet":0,"ocean_menu_typo_font_size_mobile":0,"ocean_menu_typo_font_size_unit":"px","ocean_menu_typo_font_weight":"","ocean_menu_typo_font_weight_tablet":"","ocean_menu_typo_font_weight_mobile":"","ocean_menu_typo_transform":"","ocean_menu_typo_transform_tablet":"","ocean_menu_typo_transform_mobile":"","ocean_menu_typo_line_height":0,"ocean_menu_typo_line_height_tablet":0,"ocean_menu_typo_line_height_mobile":0,"ocean_menu_typo_line_height_unit":"","ocean_menu_typo_spacing":0,"ocean_menu_typo_spacing_tablet":0,"ocean_menu_typo_spacing_mobile":0,"ocean_menu_typo_spacing_unit":"","ocean_menu_link_color":"","ocean_menu_link_color_hover":"","ocean_menu_link_color_active":"","ocean_menu_link_background":"","ocean_menu_link_hover_background":"","ocean_menu_link_active_background":"","ocean_menu_social_links_bg":"","ocean_menu_social_hover_links_bg":"","ocean_menu_social_links_color":"","ocean_menu_social_hover_links_color":"","ocean_disable_title":"default","ocean_disable_heading":"default","ocean_post_title":"","ocean_post_subheading":"","ocean_post_title_style":"","ocean_post_title_background_color":"","ocean_post_title_background":0,"ocean_post_title_bg_image_position":"","ocean_post_title_bg_image_attachment":"","ocean_post_title_bg_image_repeat":"","ocean_post_title_bg_image_size":"","ocean_post_title_height":0,"ocean_post_title_bg_overlay":0.5,"ocean_post_title_bg_overlay_color":"","ocean_disable_breadcrumbs":"default","ocean_breadcrumbs_color":"","ocean_breadcrumbs_separator_color":"","ocean_breadcrumbs_links_color":"","ocean_breadcrumbs_links_hover_color":"","ocean_display_footer_widgets":"default","ocean_display_footer_bottom":"default","ocean_custom_footer_template":"","footnotes":""},"class_list":["post-367","page","type-page","status-publish","hentry","entry"],"yoast_head":"<!-- This site is optimized with the Yoast SEO plugin v27.3 - https:\/\/yoast.com\/product\/yoast-seo-wordpress\/ -->\n<title>Spendenm\u00f6glichkeit - Kalamu Verein<\/title>\n<meta name=\"robots\" content=\"index, follow, max-snippet:-1, max-image-preview:large, max-video-preview:-1\" \/>\n<link rel=\"canonical\" href=\"https:\/\/kalamu-verein.de\/en\/spendenmoeglichkeit\/\" \/>\n<meta property=\"og:locale\" content=\"en_US\" \/>\n<meta property=\"og:type\" content=\"article\" \/>\n<meta property=\"og:title\" content=\"Spendenm\u00f6glichkeit - Kalamu Verein\" \/>\n<meta property=\"og:description\" content=\"Spenden M\u00f6glichkeiten Spendenm\u00f6glichkeiten Der Bau des geplanten Schulcampus in Uganda wird vollst\u00e4ndig durch Spenden finanziert. Jede Unterst\u00fctzung tr\u00e4gt dazu bei, eine Schule aufzubauen, die Kindern und Jugendlichen den Zugang zu Bildung in einer stabilen Umgebung erm\u00f6glicht. Die eingehenden Spenden werden ausschlie\u00dflich f\u00fcr die Umsetzung des Projekts und die damit verbundenen Kosten verwendet. Der KALAMU Verein ist gemeinn\u00fctzig anerkannt. Spenden sind daher steuerlich absetzbar. F\u00fcr Betr\u00e4ge ab 100 Euro stellen wir auf Wunsch eine Spendenbescheinigung aus. F\u00fcr Spenden unterhalb dieser Grenze gen\u00fcgt ein sogenannter vereinfachter Nachweis, etwa ein Kontoauszug oder ein Screenshot der \u00dcberweisung. Damit wir eine Spendenbescheinigung ausstellen k\u00f6nnen, ben\u00f6tigen wir Ihre Postanschrift sowie Ihre E-Mail-Adresse. Diese Angaben k\u00f6nnen entweder im Verwendungszweck der \u00dcberweisung angegeben oder direkt per Mail an info@kalamu-verein.de gesendet werden \u2013 mit einem kurzen Hinweis auf die Spende und dem Wunsch nach einer Bescheinigung. \u00a0 Kalamu Verein IBAN: DE48 4306 0967 1330 8805 00 BIC: GENODEM1GLS GLS BANK Verwendungszweck: Schulcampus Uganda \u00a0 Neben einmaligen Spenden besteht die M\u00f6glichkeit, das Projekt regelm\u00e4\u00dfig zu unterst\u00fctzen \u2013 zum Beispiel in Form einer Patenschaft f\u00fcr die Schule. Diese Patenschaften helfen insbesondere in der Anfangszeit nach der Er\u00f6ffnung dabei, den laufenden Schulbetrieb zu sichern, etwa durch die Finanzierung von Lehrergeh\u00e4ltern oder der t\u00e4glichen Mahlzeiten. Bei Interesse an einer solchen Unterst\u00fctzung oder Fragen zur Dokumentation und Gestaltung der Patenschaft freuen wir uns \u00fcber eine Nachricht. Wir haben uns bewusst gegen individuelle Patenschaften f\u00fcr einzelne Kinder entschieden. Eine solche Form der F\u00f6rderung kann unbeabsichtigt zu Ungleichbehandlung oder Konkurrenzsituationen f\u00fchren, wenn manche Kinder durch Patenschaften unterst\u00fctzt werden und andere nicht. Unser Ziel ist es, eine m\u00f6glichst gleichberechtigte F\u00f6rderung der gesamten Schule sicherzustellen \u2013 unabh\u00e4ngig von einzelnen Schicksalen oder individuellen F\u00f6rderbeziehungen. Weitere Informationen zur geplanten Finanzierung und zu den langfristigen Zielen des Projekts finden sich hier (LINK).\" \/>\n<meta property=\"og:url\" content=\"https:\/\/kalamu-verein.de\/en\/spendenmoeglichkeit\/\" \/>\n<meta property=\"og:site_name\" content=\"Kalamu Verein\" \/>\n<meta property=\"article:modified_time\" content=\"2025-04-10T17:57:16+00:00\" \/>\n<meta name=\"twitter:card\" content=\"summary_large_image\" \/>\n<meta name=\"twitter:label1\" content=\"Est. reading time\" \/>\n\t<meta name=\"twitter:data1\" content=\"2 minutes\" \/>\n<script type=\"application\/ld+json\" class=\"yoast-schema-graph\">{\"@context\":\"https:\\\/\\\/schema.org\",\"@graph\":[{\"@type\":\"WebPage\",\"@id\":\"https:\\\/\\\/kalamu-verein.de\\\/spendenmoeglichkeit\\\/\",\"url\":\"https:\\\/\\\/kalamu-verein.de\\\/spendenmoeglichkeit\\\/\",\"name\":\"Spendenm\u00f6glichkeit - Kalamu Verein\",\"isPartOf\":{\"@id\":\"https:\\\/\\\/kalamu-verein.de\\\/#website\"},\"datePublished\":\"2024-12-17T11:53:02+00:00\",\"dateModified\":\"2025-04-10T17:57:16+00:00\",\"breadcrumb\":{\"@id\":\"https:\\\/\\\/kalamu-verein.de\\\/spendenmoeglichkeit\\\/#breadcrumb\"},\"inLanguage\":\"en-US\",\"potentialAction\":[{\"@type\":\"ReadAction\",\"target\":[\"https:\\\/\\\/kalamu-verein.de\\\/spendenmoeglichkeit\\\/\"]}]},{\"@type\":\"BreadcrumbList\",\"@id\":\"https:\\\/\\\/kalamu-verein.de\\\/spendenmoeglichkeit\\\/#breadcrumb\",\"itemListElement\":[{\"@type\":\"ListItem\",\"position\":1,\"name\":\"Startseite\",\"item\":\"https:\\\/\\\/kalamu-verein.de\\\/\"},{\"@type\":\"ListItem\",\"position\":2,\"name\":\"Spendenm\u00f6glichkeit\"}]},{\"@type\":\"WebSite\",\"@id\":\"https:\\\/\\\/kalamu-verein.de\\\/#website\",\"url\":\"https:\\\/\\\/kalamu-verein.de\\\/\",\"name\":\"Kalamu Verein\",\"description\":\"Kalamu\",\"publisher\":{\"@id\":\"https:\\\/\\\/kalamu-verein.de\\\/#organization\"},\"potentialAction\":[{\"@type\":\"SearchAction\",\"target\":{\"@type\":\"EntryPoint\",\"urlTemplate\":\"https:\\\/\\\/kalamu-verein.de\\\/?s={search_term_string}\"},\"query-input\":{\"@type\":\"PropertyValueSpecification\",\"valueRequired\":true,\"valueName\":\"search_term_string\"}}],\"inLanguage\":\"en-US\"},{\"@type\":\"Organization\",\"@id\":\"https:\\\/\\\/kalamu-verein.de\\\/#organization\",\"name\":\"Kalamu Verein\",\"url\":\"https:\\\/\\\/kalamu-verein.de\\\/\",\"logo\":{\"@type\":\"ImageObject\",\"inLanguage\":\"en-US\",\"@id\":\"https:\\\/\\\/kalamu-verein.de\\\/#\\\/schema\\\/logo\\\/image\\\/\",\"url\":\"https:\\\/\\\/kalamu-verein.de\\\/wp-content\\\/uploads\\\/2024\\\/11\\\/cropped-Kalamu_Logo_gruen-1.png\",\"contentUrl\":\"https:\\\/\\\/kalamu-verein.de\\\/wp-content\\\/uploads\\\/2024\\\/11\\\/cropped-Kalamu_Logo_gruen-1.png\",\"width\":2216,\"height\":1064,\"caption\":\"Kalamu Verein\"},\"image\":{\"@id\":\"https:\\\/\\\/kalamu-verein.de\\\/#\\\/schema\\\/logo\\\/image\\\/\"},\"sameAs\":[\"https:\\\/\\\/www.instagram.com\\\/kalamu.verein\\\/\"]}]}<\/script>\n<!-- \/ Yoast SEO plugin. -->","yoast_head_json":{"title":"Spendenm\u00f6glichkeit - Kalamu Verein","robots":{"index":"index","follow":"follow","max-snippet":"max-snippet:-1","max-image-preview":"max-image-preview:large","max-video-preview":"max-video-preview:-1"},"canonical":"https:\/\/kalamu-verein.de\/en\/spendenmoeglichkeit\/","og_locale":"en_US","og_type":"article","og_title":"Spendenm\u00f6glichkeit - Kalamu Verein","og_description":"Spenden M\u00f6glichkeiten Spendenm\u00f6glichkeiten Der Bau des geplanten Schulcampus in Uganda wird vollst\u00e4ndig durch Spenden finanziert. Jede Unterst\u00fctzung tr\u00e4gt dazu bei, eine Schule aufzubauen, die Kindern und Jugendlichen den Zugang zu Bildung in einer stabilen Umgebung erm\u00f6glicht. Die eingehenden Spenden werden ausschlie\u00dflich f\u00fcr die Umsetzung des Projekts und die damit verbundenen Kosten verwendet. Der KALAMU Verein ist gemeinn\u00fctzig anerkannt. Spenden sind daher steuerlich absetzbar. F\u00fcr Betr\u00e4ge ab 100 Euro stellen wir auf Wunsch eine Spendenbescheinigung aus. F\u00fcr Spenden unterhalb dieser Grenze gen\u00fcgt ein sogenannter vereinfachter Nachweis, etwa ein Kontoauszug oder ein Screenshot der \u00dcberweisung. Damit wir eine Spendenbescheinigung ausstellen k\u00f6nnen, ben\u00f6tigen wir Ihre Postanschrift sowie Ihre E-Mail-Adresse. Diese Angaben k\u00f6nnen entweder im Verwendungszweck der \u00dcberweisung angegeben oder direkt per Mail an info@kalamu-verein.de gesendet werden \u2013 mit einem kurzen Hinweis auf die Spende und dem Wunsch nach einer Bescheinigung. \u00a0 Kalamu Verein IBAN: DE48 4306 0967 1330 8805 00 BIC: GENODEM1GLS GLS BANK Verwendungszweck: Schulcampus Uganda \u00a0 Neben einmaligen Spenden besteht die M\u00f6glichkeit, das Projekt regelm\u00e4\u00dfig zu unterst\u00fctzen \u2013 zum Beispiel in Form einer Patenschaft f\u00fcr die Schule. Diese Patenschaften helfen insbesondere in der Anfangszeit nach der Er\u00f6ffnung dabei, den laufenden Schulbetrieb zu sichern, etwa durch die Finanzierung von Lehrergeh\u00e4ltern oder der t\u00e4glichen Mahlzeiten. Bei Interesse an einer solchen Unterst\u00fctzung oder Fragen zur Dokumentation und Gestaltung der Patenschaft freuen wir uns \u00fcber eine Nachricht. Wir haben uns bewusst gegen individuelle Patenschaften f\u00fcr einzelne Kinder entschieden. Eine solche Form der F\u00f6rderung kann unbeabsichtigt zu Ungleichbehandlung oder Konkurrenzsituationen f\u00fchren, wenn manche Kinder durch Patenschaften unterst\u00fctzt werden und andere nicht. Unser Ziel ist es, eine m\u00f6glichst gleichberechtigte F\u00f6rderung der gesamten Schule sicherzustellen \u2013 unabh\u00e4ngig von einzelnen Schicksalen oder individuellen F\u00f6rderbeziehungen. Weitere Informationen zur geplanten Finanzierung und zu den langfristigen Zielen des Projekts finden sich hier (LINK).","og_url":"https:\/\/kalamu-verein.de\/en\/spendenmoeglichkeit\/","og_site_name":"Kalamu Verein","article_modified_time":"2025-04-10T17:57:16+00:00","twitter_card":"summary_large_image","twitter_misc":{"Est. reading time":"2 minutes"},"schema":{"@context":"https:\/\/schema.org","@graph":[{"@type":"WebPage","@id":"https:\/\/kalamu-verein.de\/spendenmoeglichkeit\/","url":"https:\/\/kalamu-verein.de\/spendenmoeglichkeit\/","name":"Spendenm\u00f6glichkeit - Kalamu Verein","isPartOf":{"@id":"https:\/\/kalamu-verein.de\/#website"},"datePublished":"2024-12-17T11:53:02+00:00","dateModified":"2025-04-10T17:57:16+00:00","breadcrumb":{"@id":"https:\/\/kalamu-verein.de\/spendenmoeglichkeit\/#breadcrumb"},"inLanguage":"en-US","potentialAction":[{"@type":"ReadAction","target":["https:\/\/kalamu-verein.de\/spendenmoeglichkeit\/"]}]},{"@type":"BreadcrumbList","@id":"https:\/\/kalamu-verein.de\/spendenmoeglichkeit\/#breadcrumb","itemListElement":[{"@type":"ListItem","position":1,"name":"Startseite","item":"https:\/\/kalamu-verein.de\/"},{"@type":"ListItem","position":2,"name":"Spendenm\u00f6glichkeit"}]},{"@type":"WebSite","@id":"https:\/\/kalamu-verein.de\/#website","url":"https:\/\/kalamu-verein.de\/","name":"Kalamu Verein","description":"Kalamu","publisher":{"@id":"https:\/\/kalamu-verein.de\/#organization"},"potentialAction":[{"@type":"SearchAction","target":{"@type":"EntryPoint","urlTemplate":"https:\/\/kalamu-verein.de\/?s={search_term_string}"},"query-input":{"@type":"PropertyValueSpecification","valueRequired":true,"valueName":"search_term_string"}}],"inLanguage":"en-US"},{"@type":"Organization","@id":"https:\/\/kalamu-verein.de\/#organization","name":"Kalamu Verein","url":"https:\/\/kalamu-verein.de\/","logo":{"@type":"ImageObject","inLanguage":"en-US","@id":"https:\/\/kalamu-verein.de\/#\/schema\/logo\/image\/","url":"https:\/\/kalamu-verein.de\/wp-content\/uploads\/2024\/11\/cropped-Kalamu_Logo_gruen-1.png","contentUrl":"https:\/\/kalamu-verein.de\/wp-content\/uploads\/2024\/11\/cropped-Kalamu_Logo_gruen-1.png","width":2216,"height":1064,"caption":"Kalamu Verein"},"image":{"@id":"https:\/\/kalamu-verein.de\/#\/schema\/logo\/image\/"},"sameAs":["https:\/\/www.instagram.com\/kalamu.verein\/"]}]}},"campaignId":"","_links":{"self":[{"href":"https:\/\/kalamu-verein.de\/en\/wp-json\/wp\/v2\/pages\/367","targetHints":{"allow":["GET"]}}],"collection":[{"href":"https:\/\/kalamu-verein.de\/en\/wp-json\/wp\/v2\/pages"}],"about":[{"href":"https:\/\/kalamu-verein.de\/en\/wp-json\/wp\/v2\/types\/page"}],"author":[{"embeddable":true,"href":"https:\/\/kalamu-verein.de\/en\/wp-json\/wp\/v2\/users\/1"}],"replies":[{"embeddable":true,"href":"https:\/\/kalamu-verein.de\/en\/wp-json\/wp\/v2\/comments?post=367"}],"version-history":[{"count":11,"href":"https:\/\/kalamu-verein.de\/en\/wp-json\/wp\/v2\/pages\/367\/revisions"}],"predecessor-version":[{"id":857,"href":"https:\/\/kalamu-verein.de\/en\/wp-json\/wp\/v2\/pages\/367\/revisions\/857"}],"wp:attachment":[{"href":"https:\/\/kalamu-verein.de\/en\/wp-json\/wp\/v2\/media?parent=367"}],"curies":[{"name":"wp","href":"https:\/\/api.w.org\/{rel}","templated":true}]}}